{"id":23,"date":"2025-10-16T07:16:25","date_gmt":"2025-10-16T07:16:25","guid":{"rendered":"https:\/\/brilten.com\/nova\/?page_id=23"},"modified":"2025-12-04T18:59:50","modified_gmt":"2025-12-04T18:59:50","slug":"empresa","status":"publish","type":"page","link":"https:\/\/brilten.com\/ca\/empresa\/","title":{"rendered":"EMPRESA"},"content":{"rendered":"<div data-elementor-type=\"wp-page\" data-elementor-id=\"23\" class=\"elementor elementor-23\" data-elementor-post-type=\"page\">\n\t\t\t\t<div class=\"elementor-element elementor-element-7c388e8 e-flex e-con-boxed e-con e-parent\" data-id=\"7c388e8\" data-element_type=\"container\" data-e-type=\"container\">\n\t\t\t\t\t<div class=\"e-con-inner\">\n\t\t\t\t<div class=\"elementor-element elementor-element-329e0f6 elementor-widget elementor-widget-image\" data-id=\"329e0f6\" data-element_type=\"widget\" data-e-type=\"widget\" data-widget_type=\"image.default\">\n\t\t\t\t\t\t\t\t\t\t\t\t\t\t\t<img fetchpriority=\"high\" decoding=\"async\" width=\"1651\" height=\"651\" src=\"https:\/\/brilten.com\/wp-content\/uploads\/2025\/12\/cap_empresa-1.jpg\" class=\"attachment-full size-full wp-image-2113\" alt=\"\" srcset=\"https:\/\/brilten.com\/wp-content\/uploads\/2025\/12\/cap_empresa-1.jpg 1651w, https:\/\/brilten.com\/wp-content\/uploads\/2025\/12\/cap_empresa-1-300x118.jpg 300w, https:\/\/brilten.com\/wp-content\/uploads\/2025\/12\/cap_empresa-1-1024x404.jpg 1024w, https:\/\/brilten.com\/wp-content\/uploads\/2025\/12\/cap_empresa-1-768x303.jpg 768w, https:\/\/brilten.com\/wp-content\/uploads\/2025\/12\/cap_empresa-1-1536x606.jpg 1536w, https:\/\/brilten.com\/wp-content\/uploads\/2025\/12\/cap_empresa-1-18x7.jpg 18w\" sizes=\"(max-width: 1651px) 100vw, 1651px\" \/>\t\t\t\t\t\t\t\t\t\t\t\t\t\t\t<\/div>\n\t\t\t\t<div class=\"elementor-element elementor-element-ec1f233 elementor-widget elementor-widget-heading\" data-id=\"ec1f233\" data-element_type=\"widget\" data-e-type=\"widget\" data-widget_type=\"heading.default\">\n\t\t\t\t\t<h2 class=\"elementor-heading-title elementor-size-default\">EMPRESA.<\/h2>\t\t\t\t<\/div>\n\t\t\t\t\t<\/div>\n\t\t\t\t<\/div>\n\t\t<div class=\"elementor-element elementor-element-0352336 e-flex e-con-boxed e-con e-parent\" data-id=\"0352336\" data-element_type=\"container\" data-e-type=\"container\">\n\t\t\t\t\t<div class=\"e-con-inner\">\n\t\t\t\t<div class=\"elementor-element elementor-element-0aaec92 elementor-widget elementor-widget-heading\" data-id=\"0aaec92\" data-element_type=\"widget\" data-e-type=\"widget\" data-widget_type=\"heading.default\">\n\t\t\t\t\t<h2 class=\"elementor-heading-title elementor-size-default\">Grup Immobiliari<br>\ndes de 1985<\/h2>\t\t\t\t<\/div>\n\t\t<div class=\"elementor-element elementor-element-b5b2528 e-con-full e-flex e-con e-child\" data-id=\"b5b2528\" data-element_type=\"container\" data-e-type=\"container\">\n\t\t<div class=\"elementor-element elementor-element-3b9e4dd e-con-full e-flex e-con e-child\" data-id=\"3b9e4dd\" data-element_type=\"container\" data-e-type=\"container\">\n\t\t\t\t<div class=\"elementor-element elementor-element-2c8e838 elementor-widget elementor-widget-text-editor\" data-id=\"2c8e838\" data-element_type=\"widget\" data-e-type=\"widget\" data-widget_type=\"text-editor.default\">\n\t\t\t\t\t\t\t\t\t<p>Des de fa m\u00e9s de 40 anys, a Brilten Immobili\u00e0ria hem desenvolupat diferents plans urban\u00edstics i hem executat projectes en diverses tipologies d'\u00fas: residencial, oficines, hotels, comercial i industrial.<\/p><p>La nostra experi\u00e8ncia inclou des de modificacions de pla general (MPGM) fins a completar la gesti\u00f3 del planejament urban\u00edstic derivat, mitjan\u00e7ant la projecci\u00f3 i la tramitaci\u00f3 de Plans Parcials, Plans de Millora Urbana, impulsant les obres d'urbanitzaci\u00f3 fins a la construcci\u00f3 dels edificis. Ens avala una \u00e0mplia traject\u00f2ria en la gesti\u00f3 de s\u00f2l i la transformaci\u00f3 urban\u00edstica de zones estrat\u00e8giques de Barcelona i la seva \u00e0rea metropolitana.<\/p>\t\t\t\t\t\t\t\t<\/div>\n\t\t\t\t<\/div>\n\t\t<div class=\"elementor-element elementor-element-97fc168 e-con-full e-flex e-con e-child\" data-id=\"97fc168\" data-element_type=\"container\" data-e-type=\"container\">\n\t\t\t\t<div class=\"elementor-element elementor-element-d21a59e elementor-widget elementor-widget-text-editor\" data-id=\"d21a59e\" data-element_type=\"widget\" data-e-type=\"widget\" data-widget_type=\"text-editor.default\">\n\t\t\t\t\t\t\t\t\t<p>A Brilten, dissenyem i desenvolupem els projectes prioritzant la m\u00e0xima qualitat en la construcci\u00f3, la integraci\u00f3 amb l'entorn i amb una atenci\u00f3 especial al confort dels futurs usuaris. Com a exemple, l'obtenci\u00f3 de diferents certificacions en mat\u00e8ria de sostenibilitat, efici\u00e8ncia energ\u00e8tica i mediambientals (Leed Platinum, Leed Gold o Biosphere)<\/p><p>Som membres de l'Associaci\u00f3 de Constructors i Promotors de Catalunya (APCE), cosa que refor\u00e7a el nostre comprom\u00eds amb les bones pr\u00e0ctiques del sector i amb el desenvolupament responsable del territori.<\/p>\t\t\t\t\t\t\t\t<\/div>\n\t\t\t\t<\/div>\n\t\t\t\t<\/div>\n\t\t\t\t<div class=\"elementor-element elementor-element-4d617f4 elementor-widget elementor-widget-text-editor\" data-id=\"4d617f4\" data-element_type=\"widget\" data-e-type=\"widget\" data-widget_type=\"text-editor.default\">\n\t\t\t\t\t\t\t\t\t<p>\u00a0<\/p><p>El nostre objectiu \u00e9s continuar creant valor a trav\u00e9s de projectes immobiliaris s\u00f2lids, eficients i adaptats a les necessitats del present i del futur.<\/p>\t\t\t\t\t\t\t\t<\/div>\n\t\t\t\t\t<\/div>\n\t\t\t\t<\/div>\n\t\t<div class=\"elementor-element elementor-element-648e603 e-flex e-con-boxed e-con e-parent\" data-id=\"648e603\" data-element_type=\"container\" data-e-type=\"container\">\n\t\t\t\t\t<div class=\"e-con-inner\">\n\t\t<div class=\"elementor-element elementor-element-5636d5a e-con-full e-flex e-con e-child\" data-id=\"5636d5a\" data-element_type=\"container\" data-e-type=\"container\">\n\t\t\t\t<div class=\"elementor-element elementor-element-c3837cb elementor-widget elementor-widget-image\" data-id=\"c3837cb\" data-element_type=\"widget\" data-e-type=\"widget\" data-widget_type=\"image.default\">\n\t\t\t\t\t\t\t\t\t\t\t\t\t\t\t<img decoding=\"async\" width=\"457\" height=\"305\" src=\"https:\/\/brilten.com\/wp-content\/uploads\/2025\/10\/logo_leed_gold.jpg\" class=\"attachment-full size-full wp-image-128\" alt=\"\" srcset=\"https:\/\/brilten.com\/wp-content\/uploads\/2025\/10\/logo_leed_gold.jpg 457w, https:\/\/brilten.com\/wp-content\/uploads\/2025\/10\/logo_leed_gold-300x200.jpg 300w, https:\/\/brilten.com\/wp-content\/uploads\/2025\/10\/logo_leed_gold-18x12.jpg 18w\" sizes=\"(max-width: 457px) 100vw, 457px\" \/>\t\t\t\t\t\t\t\t\t\t\t\t\t\t\t<\/div>\n\t\t\t\t<div class=\"elementor-element elementor-element-54dabdc elementor-widget elementor-widget-heading\" data-id=\"54dabdc\" data-element_type=\"widget\" data-e-type=\"widget\" data-widget_type=\"heading.default\">\n\t\t\t\t\t<h2 class=\"elementor-heading-title elementor-size-default\">Leadership in Energy &amp;\nEnvironmental Design<\/h2>\t\t\t\t<\/div>\n\t\t\t\t<div class=\"elementor-element elementor-element-334c90e elementor-widget elementor-widget-text-editor\" data-id=\"334c90e\" data-element_type=\"widget\" data-e-type=\"widget\" data-widget_type=\"text-editor.default\">\n\t\t\t\t\t\t\t\t\t<p>Leed Gold<\/p>\t\t\t\t\t\t\t\t<\/div>\n\t\t\t\t<\/div>\n\t\t<div class=\"elementor-element elementor-element-7db35d4 e-con-full e-flex e-con e-child\" data-id=\"7db35d4\" data-element_type=\"container\" data-e-type=\"container\">\n\t\t\t\t<div class=\"elementor-element elementor-element-19e2dd0 elementor-widget elementor-widget-image\" data-id=\"19e2dd0\" data-element_type=\"widget\" data-e-type=\"widget\" data-widget_type=\"image.default\">\n\t\t\t\t\t\t\t\t\t\t\t\t\t\t\t<img decoding=\"async\" width=\"457\" height=\"305\" src=\"https:\/\/brilten.com\/wp-content\/uploads\/2025\/10\/logo_leed_platinium.jpg\" class=\"attachment-full size-full wp-image-127\" alt=\"\" srcset=\"https:\/\/brilten.com\/wp-content\/uploads\/2025\/10\/logo_leed_platinium.jpg 457w, https:\/\/brilten.com\/wp-content\/uploads\/2025\/10\/logo_leed_platinium-300x200.jpg 300w, https:\/\/brilten.com\/wp-content\/uploads\/2025\/10\/logo_leed_platinium-18x12.jpg 18w\" sizes=\"(max-width: 457px) 100vw, 457px\" \/>\t\t\t\t\t\t\t\t\t\t\t\t\t\t\t<\/div>\n\t\t\t\t<div class=\"elementor-element elementor-element-73bb08b elementor-widget elementor-widget-heading\" data-id=\"73bb08b\" data-element_type=\"widget\" data-e-type=\"widget\" data-widget_type=\"heading.default\">\n\t\t\t\t\t<h2 class=\"elementor-heading-title elementor-size-default\">Leadership in Energy &amp;\nEnvironmental Design<\/h2>\t\t\t\t<\/div>\n\t\t\t\t<div class=\"elementor-element elementor-element-506634a elementor-widget elementor-widget-text-editor\" data-id=\"506634a\" data-element_type=\"widget\" data-e-type=\"widget\" data-widget_type=\"text-editor.default\">\n\t\t\t\t\t\t\t\t\t<p>Leed Platinium<\/p>\t\t\t\t\t\t\t\t<\/div>\n\t\t\t\t<\/div>\n\t\t<div class=\"elementor-element elementor-element-d87cae4 e-con-full e-flex e-con e-child\" data-id=\"d87cae4\" data-element_type=\"container\" data-e-type=\"container\">\n\t\t\t\t<div class=\"elementor-element elementor-element-08b66c6 elementor-widget elementor-widget-image\" data-id=\"08b66c6\" data-element_type=\"widget\" data-e-type=\"widget\" data-widget_type=\"image.default\">\n\t\t\t\t\t\t\t\t\t\t\t\t\t\t\t<img loading=\"lazy\" decoding=\"async\" width=\"457\" height=\"305\" src=\"https:\/\/brilten.com\/wp-content\/uploads\/2025\/10\/logo_biosphere.jpg\" class=\"attachment-full size-full wp-image-126\" alt=\"\" srcset=\"https:\/\/brilten.com\/wp-content\/uploads\/2025\/10\/logo_biosphere.jpg 457w, https:\/\/brilten.com\/wp-content\/uploads\/2025\/10\/logo_biosphere-300x200.jpg 300w, https:\/\/brilten.com\/wp-content\/uploads\/2025\/10\/logo_biosphere-18x12.jpg 18w\" sizes=\"(max-width: 457px) 100vw, 457px\" \/>\t\t\t\t\t\t\t\t\t\t\t\t\t\t\t<\/div>\n\t\t\t\t<div class=\"elementor-element elementor-element-00f817a elementor-widget elementor-widget-heading\" data-id=\"00f817a\" data-element_type=\"widget\" data-e-type=\"widget\" data-widget_type=\"heading.default\">\n\t\t\t\t\t<h2 class=\"elementor-heading-title elementor-size-default\">Biosphere<br>\nCerti\ufb01ed<\/h2>\t\t\t\t<\/div>\n\t\t\t\t<div class=\"elementor-element elementor-element-e6136dd elementor-widget elementor-widget-text-editor\" data-id=\"e6136dd\" data-element_type=\"widget\" data-e-type=\"widget\" data-widget_type=\"text-editor.default\">\n\t\t\t\t\t\t\t\t\t<p>Sustainable Lifestyle<\/p>\t\t\t\t\t\t\t\t<\/div>\n\t\t\t\t<\/div>\n\t\t\t\t\t<\/div>\n\t\t\t\t<\/div>\n\t\t\t\t<\/div>","protected":false},"excerpt":{"rendered":"<p>EMPRESA. Grupo Inmobiliario desde 1985 Desde hace m\u00e1s de 40 a\u00f1os, en Brilten Inmobiliaria hemos desarrollado distintos planes urban\u00edsticos y ejecutando proyectos en diversas tipolog\u00edas de uso: residencial, oficinas, hoteles, comercial e industrial. Nuestra experiencia incluye desde modificaciones de plan general (MPGM) hasta completar la gesti\u00f3n del planeamiento urban\u00edstico derivado, mediante la proyecci\u00f3n y tramitaci\u00f3n [&hellip;]<\/p>\n","protected":false},"author":1,"featured_media":0,"parent":0,"menu_order":0,"comment_status":"closed","ping_status":"closed","template":"","meta":{"_acf_changed":false,"footnotes":""},"class_list":["post-23","page","type-page","status-publish","hentry"],"acf":[],"yoast_head":"<!-- This site is optimized with the Yoast SEO plugin v27.0 - https:\/\/yoast.com\/product\/yoast-seo-wordpress\/ -->\n<title>Empresa - Brilten<\/title>\n<meta name=\"robots\" content=\"index, follow, max-snippet:-1, max-image-preview:large, max-video-preview:-1\" \/>\n<link rel=\"canonical\" href=\"https:\/\/brilten.com\/ca\/empresa\/\" \/>\n<meta property=\"og:locale\" content=\"ca_ES\" \/>\n<meta property=\"og:type\" content=\"article\" \/>\n<meta property=\"og:title\" content=\"Empresa - Brilten\" \/>\n<meta property=\"og:description\" content=\"EMPRESA. Grupo Inmobiliario desde 1985 Desde hace m\u00e1s de 40 a\u00f1os, en Brilten Inmobiliaria hemos desarrollado distintos planes urban\u00edsticos y ejecutando proyectos en diversas tipolog\u00edas de uso: residencial, oficinas, hoteles, comercial e industrial. Nuestra experiencia incluye desde modificaciones de plan general (MPGM) hasta completar la gesti\u00f3n del planeamiento urban\u00edstico derivado, mediante la proyecci\u00f3n y tramitaci\u00f3n [&hellip;]\" \/>\n<meta property=\"og:url\" content=\"https:\/\/brilten.com\/ca\/empresa\/\" \/>\n<meta property=\"og:site_name\" content=\"Brilten\" \/>\n<meta property=\"article:modified_time\" content=\"2025-12-04T18:59:50+00:00\" \/>\n<meta property=\"og:image\" content=\"https:\/\/brilten.com\/nova\/wp-content\/uploads\/2025\/12\/cap_empresa-1.jpg\" \/>\n<meta name=\"twitter:card\" content=\"summary_large_image\" \/>\n<script type=\"application\/ld+json\" class=\"yoast-schema-graph\">{\"@context\":\"https:\/\/schema.org\",\"@graph\":[{\"@type\":\"WebPage\",\"@id\":\"https:\/\/brilten.com\/empresa\/\",\"url\":\"https:\/\/brilten.com\/empresa\/\",\"name\":\"Empresa - Brilten\",\"isPartOf\":{\"@id\":\"https:\/\/brilten.com\/#website\"},\"primaryImageOfPage\":{\"@id\":\"https:\/\/brilten.com\/empresa\/#primaryimage\"},\"image\":{\"@id\":\"https:\/\/brilten.com\/empresa\/#primaryimage\"},\"thumbnailUrl\":\"https:\/\/brilten.com\/nova\/wp-content\/uploads\/2025\/12\/cap_empresa-1.jpg\",\"datePublished\":\"2025-10-16T07:16:25+00:00\",\"dateModified\":\"2025-12-04T18:59:50+00:00\",\"breadcrumb\":{\"@id\":\"https:\/\/brilten.com\/empresa\/#breadcrumb\"},\"inLanguage\":\"ca\",\"potentialAction\":[{\"@type\":\"ReadAction\",\"target\":[\"https:\/\/brilten.com\/empresa\/\"]}]},{\"@type\":\"ImageObject\",\"inLanguage\":\"ca\",\"@id\":\"https:\/\/brilten.com\/empresa\/#primaryimage\",\"url\":\"https:\/\/brilten.com\/nova\/wp-content\/uploads\/2025\/12\/cap_empresa-1.jpg\",\"contentUrl\":\"https:\/\/brilten.com\/nova\/wp-content\/uploads\/2025\/12\/cap_empresa-1.jpg\"},{\"@type\":\"BreadcrumbList\",\"@id\":\"https:\/\/brilten.com\/empresa\/#breadcrumb\",\"itemListElement\":[{\"@type\":\"ListItem\",\"position\":1,\"name\":\"Portada\",\"item\":\"https:\/\/brilten.com\/\"},{\"@type\":\"ListItem\",\"position\":2,\"name\":\"Empresa\"}]},{\"@type\":\"WebSite\",\"@id\":\"https:\/\/brilten.com\/#website\",\"url\":\"https:\/\/brilten.com\/\",\"name\":\"Brilten\",\"description\":\"\",\"publisher\":{\"@id\":\"https:\/\/brilten.com\/#organization\"},\"alternateName\":\"Brilten Inmobiliaria\",\"potentialAction\":[{\"@type\":\"SearchAction\",\"target\":{\"@type\":\"EntryPoint\",\"urlTemplate\":\"https:\/\/brilten.com\/?s={search_term_string}\"},\"query-input\":{\"@type\":\"PropertyValueSpecification\",\"valueRequired\":true,\"valueName\":\"search_term_string\"}}],\"inLanguage\":\"ca\"},{\"@type\":\"Organization\",\"@id\":\"https:\/\/brilten.com\/#organization\",\"name\":\"BRILTEN INMOBILIARIA SL\",\"url\":\"https:\/\/brilten.com\/\",\"logo\":{\"@type\":\"ImageObject\",\"inLanguage\":\"ca\",\"@id\":\"https:\/\/brilten.com\/#\/schema\/logo\/image\/\",\"url\":\"https:\/\/brilten.com\/wp-content\/uploads\/2026\/01\/Captura-de-pantalla-de-2026-01-07-14-46-42-e1767793635166.png\",\"contentUrl\":\"https:\/\/brilten.com\/wp-content\/uploads\/2026\/01\/Captura-de-pantalla-de-2026-01-07-14-46-42-e1767793635166.png\",\"width\":49,\"height\":46,\"caption\":\"BRILTEN INMOBILIARIA SL\"},\"image\":{\"@id\":\"https:\/\/brilten.com\/#\/schema\/logo\/image\/\"}}]}<\/script>\n<!-- \/ Yoast SEO plugin. -->","yoast_head_json":{"title":"Empresa - Brilten","robots":{"index":"index","follow":"follow","max-snippet":"max-snippet:-1","max-image-preview":"max-image-preview:large","max-video-preview":"max-video-preview:-1"},"canonical":"https:\/\/brilten.com\/ca\/empresa\/","og_locale":"ca_ES","og_type":"article","og_title":"Empresa - Brilten","og_description":"EMPRESA. Grupo Inmobiliario desde 1985 Desde hace m\u00e1s de 40 a\u00f1os, en Brilten Inmobiliaria hemos desarrollado distintos planes urban\u00edsticos y ejecutando proyectos en diversas tipolog\u00edas de uso: residencial, oficinas, hoteles, comercial e industrial. Nuestra experiencia incluye desde modificaciones de plan general (MPGM) hasta completar la gesti\u00f3n del planeamiento urban\u00edstico derivado, mediante la proyecci\u00f3n y tramitaci\u00f3n [&hellip;]","og_url":"https:\/\/brilten.com\/ca\/empresa\/","og_site_name":"Brilten","article_modified_time":"2025-12-04T18:59:50+00:00","og_image":[{"url":"https:\/\/brilten.com\/nova\/wp-content\/uploads\/2025\/12\/cap_empresa-1.jpg","type":"","width":"","height":""}],"twitter_card":"summary_large_image","schema":{"@context":"https:\/\/schema.org","@graph":[{"@type":"WebPage","@id":"https:\/\/brilten.com\/empresa\/","url":"https:\/\/brilten.com\/empresa\/","name":"Empresa - Brilten","isPartOf":{"@id":"https:\/\/brilten.com\/#website"},"primaryImageOfPage":{"@id":"https:\/\/brilten.com\/empresa\/#primaryimage"},"image":{"@id":"https:\/\/brilten.com\/empresa\/#primaryimage"},"thumbnailUrl":"https:\/\/brilten.com\/nova\/wp-content\/uploads\/2025\/12\/cap_empresa-1.jpg","datePublished":"2025-10-16T07:16:25+00:00","dateModified":"2025-12-04T18:59:50+00:00","breadcrumb":{"@id":"https:\/\/brilten.com\/empresa\/#breadcrumb"},"inLanguage":"ca","potentialAction":[{"@type":"ReadAction","target":["https:\/\/brilten.com\/empresa\/"]}]},{"@type":"ImageObject","inLanguage":"ca","@id":"https:\/\/brilten.com\/empresa\/#primaryimage","url":"https:\/\/brilten.com\/nova\/wp-content\/uploads\/2025\/12\/cap_empresa-1.jpg","contentUrl":"https:\/\/brilten.com\/nova\/wp-content\/uploads\/2025\/12\/cap_empresa-1.jpg"},{"@type":"BreadcrumbList","@id":"https:\/\/brilten.com\/empresa\/#breadcrumb","itemListElement":[{"@type":"ListItem","position":1,"name":"Portada","item":"https:\/\/brilten.com\/"},{"@type":"ListItem","position":2,"name":"Empresa"}]},{"@type":"WebSite","@id":"https:\/\/brilten.com\/#website","url":"https:\/\/brilten.com\/","name":"Brilten","description":"","publisher":{"@id":"https:\/\/brilten.com\/#organization"},"alternateName":"Brilten Inmobiliaria","potentialAction":[{"@type":"SearchAction","target":{"@type":"EntryPoint","urlTemplate":"https:\/\/brilten.com\/?s={search_term_string}"},"query-input":{"@type":"PropertyValueSpecification","valueRequired":true,"valueName":"search_term_string"}}],"inLanguage":"ca"},{"@type":"Organization","@id":"https:\/\/brilten.com\/#organization","name":"BRILTEN INMOBILIARIA SL","url":"https:\/\/brilten.com\/","logo":{"@type":"ImageObject","inLanguage":"ca","@id":"https:\/\/brilten.com\/#\/schema\/logo\/image\/","url":"https:\/\/brilten.com\/wp-content\/uploads\/2026\/01\/Captura-de-pantalla-de-2026-01-07-14-46-42-e1767793635166.png","contentUrl":"https:\/\/brilten.com\/wp-content\/uploads\/2026\/01\/Captura-de-pantalla-de-2026-01-07-14-46-42-e1767793635166.png","width":49,"height":46,"caption":"BRILTEN INMOBILIARIA SL"},"image":{"@id":"https:\/\/brilten.com\/#\/schema\/logo\/image\/"}}]}},"_links":{"self":[{"href":"https:\/\/brilten.com\/ca\/wp-json\/wp\/v2\/pages\/23","targetHints":{"allow":["GET"]}}],"collection":[{"href":"https:\/\/brilten.com\/ca\/wp-json\/wp\/v2\/pages"}],"about":[{"href":"https:\/\/brilten.com\/ca\/wp-json\/wp\/v2\/types\/page"}],"author":[{"embeddable":true,"href":"https:\/\/brilten.com\/ca\/wp-json\/wp\/v2\/users\/1"}],"replies":[{"embeddable":true,"href":"https:\/\/brilten.com\/ca\/wp-json\/wp\/v2\/comments?post=23"}],"version-history":[{"count":39,"href":"https:\/\/brilten.com\/ca\/wp-json\/wp\/v2\/pages\/23\/revisions"}],"predecessor-version":[{"id":2214,"href":"https:\/\/brilten.com\/ca\/wp-json\/wp\/v2\/pages\/23\/revisions\/2214"}],"wp:attachment":[{"href":"https:\/\/brilten.com\/ca\/wp-json\/wp\/v2\/media?parent=23"}],"curies":[{"name":"wp","href":"https:\/\/api.w.org\/{rel}","templated":true}]}}