{"id":29,"date":"2025-10-16T07:16:56","date_gmt":"2025-10-16T07:16:56","guid":{"rendered":"https:\/\/brilten.com\/nova\/?page_id=29"},"modified":"2025-12-04T19:32:38","modified_gmt":"2025-12-04T19:32:38","slug":"contacto","status":"publish","type":"page","link":"https:\/\/brilten.com\/ca\/contacto\/","title":{"rendered":"Contacte"},"content":{"rendered":"\t\t<div data-elementor-type=\"wp-page\" data-elementor-id=\"29\" class=\"elementor elementor-29\" data-elementor-post-type=\"page\">\n\t\t\t\t<div class=\"elementor-element elementor-element-48b82ea e-flex e-con-boxed e-con e-parent\" data-id=\"48b82ea\" data-element_type=\"container\" data-e-type=\"container\">\n\t\t\t\t\t<div class=\"e-con-inner\">\n\t\t\t\t<div class=\"elementor-element elementor-element-70304be elementor-widget elementor-widget-image\" data-id=\"70304be\" data-element_type=\"widget\" data-e-type=\"widget\" data-widget_type=\"image.default\">\n\t\t\t\t\t\t\t\t\t\t\t\t\t\t\t<img fetchpriority=\"high\" decoding=\"async\" width=\"1651\" height=\"651\" src=\"https:\/\/brilten.com\/wp-content\/uploads\/2025\/12\/cap_contacto.jpg\" class=\"attachment-full size-full wp-image-2252\" alt=\"\" srcset=\"https:\/\/brilten.com\/wp-content\/uploads\/2025\/12\/cap_contacto.jpg 1651w, https:\/\/brilten.com\/wp-content\/uploads\/2025\/12\/cap_contacto-300x118.jpg 300w, https:\/\/brilten.com\/wp-content\/uploads\/2025\/12\/cap_contacto-1024x404.jpg 1024w, https:\/\/brilten.com\/wp-content\/uploads\/2025\/12\/cap_contacto-768x303.jpg 768w, https:\/\/brilten.com\/wp-content\/uploads\/2025\/12\/cap_contacto-1536x606.jpg 1536w, https:\/\/brilten.com\/wp-content\/uploads\/2025\/12\/cap_contacto-18x7.jpg 18w\" sizes=\"(max-width: 1651px) 100vw, 1651px\" \/>\t\t\t\t\t\t\t\t\t\t\t\t\t\t\t<\/div>\n\t\t\t\t<div class=\"elementor-element elementor-element-7e6cba8 elementor-widget elementor-widget-heading\" data-id=\"7e6cba8\" data-element_type=\"widget\" data-e-type=\"widget\" data-widget_type=\"heading.default\">\n\t\t\t\t\t<h2 class=\"elementor-heading-title elementor-size-default\">CONTACTO.<\/h2>\t\t\t\t<\/div>\n\t\t\t\t\t<\/div>\n\t\t\t\t<\/div>\n\t\t<div class=\"elementor-element elementor-element-d89437f e-flex e-con-boxed e-con e-parent\" data-id=\"d89437f\" data-element_type=\"container\" data-e-type=\"container\">\n\t\t\t\t\t<div class=\"e-con-inner\">\n\t\t\t\t<div class=\"elementor-element elementor-element-2be1c75 elementor-widget elementor-widget-heading\" data-id=\"2be1c75\" data-element_type=\"widget\" data-e-type=\"widget\" data-widget_type=\"heading.default\">\n\t\t\t\t\t<h2 class=\"elementor-heading-title elementor-size-default\">Gracias por su inter\u00e9s en Brilten<\/h2>\t\t\t\t<\/div>\n\t\t\t\t\t<\/div>\n\t\t\t\t<\/div>\n\t\t<div class=\"elementor-element elementor-element-9d6fed3 e-flex e-con-boxed e-con e-parent\" data-id=\"9d6fed3\" data-element_type=\"container\" data-e-type=\"container\">\n\t\t\t\t\t<div class=\"e-con-inner\">\n\t\t<div class=\"elementor-element elementor-element-d04c2b9 e-con-full e-flex e-con e-child\" data-id=\"d04c2b9\" data-element_type=\"container\" data-e-type=\"container\">\n\t\t\t\t<div class=\"elementor-element elementor-element-a89e097 elementor-widget elementor-widget-text-editor\" data-id=\"a89e097\" data-element_type=\"widget\" data-e-type=\"widget\" data-widget_type=\"text-editor.default\">\n\t\t\t\t\t\t\t\t\t<p>En\u00a0<strong>Brilten Inmobiliaria<\/strong>, estamos a su disposici\u00f3n para, dar respuesta a cualquier consulta o solicitud relacionada con nuestros proyectos inmobiliarios. Si usted est\u00e1 interesado en nuestras promociones no dude en ponerse en contacto con nosotros.<\/p>\t\t\t\t\t\t\t\t<\/div>\n\t\t\t\t<\/div>\n\t\t<div class=\"elementor-element elementor-element-0cd42b7 e-con-full e-flex e-con e-child\" data-id=\"0cd42b7\" data-element_type=\"container\" data-e-type=\"container\">\n\t\t\t\t<div class=\"elementor-element elementor-element-cfaac92 elementor-widget elementor-widget-text-editor\" data-id=\"cfaac92\" data-element_type=\"widget\" data-e-type=\"widget\" data-widget_type=\"text-editor.default\">\n\t\t\t\t\t\t\t\t\t<p>Puede usar el formulario que aparece en esta p\u00e1gina para enviarnos su mensaje. Nuestro equipo le responder\u00e1 con la mayor brevedad posible. Tambi\u00e9n puede contactarnos por tel\u00e9fono o correo electr\u00f3nico si lo prefiere.<\/p>\t\t\t\t\t\t\t\t<\/div>\n\t\t\t\t<\/div>\n\t\t\t\t\t<\/div>\n\t\t\t\t<\/div>\n\t\t<div class=\"elementor-element elementor-element-6109ee5 e-flex e-con-boxed e-con e-parent\" data-id=\"6109ee5\" data-element_type=\"container\" data-e-type=\"container\">\n\t\t\t\t\t<div class=\"e-con-inner\">\n\t\t<div class=\"elementor-element elementor-element-910b030 e-con-full e-flex e-con e-child\" data-id=\"910b030\" data-element_type=\"container\" data-e-type=\"container\">\n\t\t\t\t<div class=\"elementor-element elementor-element-bf1b8ad elementor-widget elementor-widget-google_maps\" data-id=\"bf1b8ad\" data-element_type=\"widget\" data-e-type=\"widget\" data-widget_type=\"google_maps.default\">\n\t\t\t\t\t\t\t<div class=\"elementor-custom-embed\">\n\t\t\t<iframe loading=\"lazy\"\n\t\t\t\t\tsrc=\"https:\/\/maps.google.com\/maps?q=c%2F%20C%C3%B2rsega%20301-303.%203%C2%BA%2008008%20Barcelona&#038;t=m&#038;z=16&#038;output=embed&#038;iwloc=near\"\n\t\t\t\t\ttitle=\"c\/ C\u00f2rsega 301-303. 3\u00ba 08008 Barcelona\"\n\t\t\t\t\taria-label=\"c\/ C\u00f2rsega 301-303. 3\u00ba 08008 Barcelona\"\n\t\t\t><\/iframe>\n\t\t<\/div>\n\t\t\t\t\t\t<\/div>\n\t\t\t\t<\/div>\n\t\t<div class=\"elementor-element elementor-element-dab1c7c e-con-full e-flex e-con e-child\" data-id=\"dab1c7c\" data-element_type=\"container\" data-e-type=\"container\">\n\t\t\t\t<div class=\"elementor-element elementor-element-bb40fc3 elementor-button-align-stretch elementor-widget elementor-widget-form\" data-id=\"bb40fc3\" data-element_type=\"widget\" data-e-type=\"widget\" data-settings=\"{&quot;step_next_label&quot;:&quot;Siguiente&quot;,&quot;step_previous_label&quot;:&quot;Anterior&quot;,&quot;button_width&quot;:&quot;100&quot;,&quot;step_type&quot;:&quot;number_text&quot;,&quot;step_icon_shape&quot;:&quot;circle&quot;}\" data-widget_type=\"form.default\">\n\t\t\t\t\t\t\t<form class=\"elementor-form\" method=\"post\" name=\"Formulario contacto P\u00e1gina web\" aria-label=\"Formulario contacto P\u00e1gina web\">\n\t\t\t<input type=\"hidden\" name=\"post_id\" value=\"29\"\/>\n\t\t\t<input type=\"hidden\" name=\"form_id\" value=\"bb40fc3\"\/>\n\t\t\t<input type=\"hidden\" name=\"referer_title\" value=\"Brilten\" \/>\n\n\t\t\t\n\t\t\t<div class=\"elementor-form-fields-wrapper elementor-labels-above\">\n\t\t\t\t\t\t\t\t<div class=\"elementor-field-type-text elementor-field-group elementor-column elementor-field-group-name elementor-col-100 elementor-field-required elementor-mark-required\">\n\t\t\t\t\t\t\t\t\t\t\t\t<label for=\"form-field-name\" class=\"elementor-field-label\">\n\t\t\t\t\t\t\t\tNombre y apellidos\t\t\t\t\t\t\t<\/label>\n\t\t\t\t\t\t\t\t\t\t\t\t\t\t<input size=\"1\" type=\"text\" name=\"form_fields[name]\" id=\"form-field-name\" class=\"elementor-field elementor-size-sm  elementor-field-textual\" required=\"required\">\n\t\t\t\t\t\t\t\t\t\t\t<\/div>\n\t\t\t\t\t\t\t\t<div class=\"elementor-field-type-tel elementor-field-group elementor-column elementor-field-group-field_ed49d0d elementor-col-100 elementor-field-required elementor-mark-required\">\n\t\t\t\t\t\t\t\t\t\t\t\t<label for=\"form-field-field_ed49d0d\" class=\"elementor-field-label\">\n\t\t\t\t\t\t\t\tTel\u00e9fono\t\t\t\t\t\t\t<\/label>\n\t\t\t\t\t\t\t\t<input size=\"1\" type=\"tel\" name=\"form_fields[field_ed49d0d]\" id=\"form-field-field_ed49d0d\" class=\"elementor-field elementor-size-sm  elementor-field-textual\" required=\"required\" pattern=\"[0-9()#&amp;+*-=.]+\" title=\"Only numbers and phone characters (#, -, *, etc) are accepted.\">\n\n\t\t\t\t\t\t<\/div>\n\t\t\t\t\t\t\t\t<div class=\"elementor-field-type-email elementor-field-group elementor-column elementor-field-group-email elementor-col-100 elementor-field-required elementor-mark-required\">\n\t\t\t\t\t\t\t\t\t\t\t\t<label for=\"form-field-email\" class=\"elementor-field-label\">\n\t\t\t\t\t\t\t\tCorreo electr\u00f3nico\t\t\t\t\t\t\t<\/label>\n\t\t\t\t\t\t\t\t\t\t\t\t\t\t<input size=\"1\" type=\"email\" name=\"form_fields[email]\" id=\"form-field-email\" class=\"elementor-field elementor-size-sm  elementor-field-textual\" required=\"required\">\n\t\t\t\t\t\t\t\t\t\t\t<\/div>\n\t\t\t\t\t\t\t\t<div class=\"elementor-field-type-textarea elementor-field-group elementor-column elementor-field-group-message elementor-col-100\">\n\t\t\t\t\t\t\t\t\t\t\t\t<label for=\"form-field-message\" class=\"elementor-field-label\">\n\t\t\t\t\t\t\t\tMensaje\t\t\t\t\t\t\t<\/label>\n\t\t\t\t\t\t<textarea class=\"elementor-field-textual elementor-field  elementor-size-sm\" name=\"form_fields[message]\" id=\"form-field-message\" rows=\"9\"><\/textarea>\t\t\t\t<\/div>\n\t\t\t\t\t\t\t\t<div class=\"elementor-field-type-acceptance elementor-field-group elementor-column elementor-field-group-field_285d547 elementor-col-100 elementor-field-required elementor-mark-required\">\n\t\t\t\t\t\t\t<div class=\"elementor-field-subgroup\">\n\t\t\t<span class=\"elementor-field-option\">\n\t\t\t\t<input type=\"checkbox\" name=\"form_fields[field_285d547]\" id=\"form-field-field_285d547\" class=\"elementor-field elementor-size-sm  elementor-acceptance-field\" required=\"required\">\n\t\t\t\t<label for=\"form-field-field_285d547\"> <span id=\"texto-privacidad\">\n    He le\u00eddo y acepto la\n    <a href=\"https:\/\/brilten.com\/politica-de-privacidad\"\n       target=\"_blank\"\n       rel=\"noopener nofollow\">\n       Pol\u00edtica de Privacidad\n    <\/a>.\n  <\/span><\/label>\t\t\t<\/span>\n\t\t<\/div>\n\t\t\t\t\t\t<\/div>\n\t\t\t\t\t\t\t\t<div class=\"elementor-field-group elementor-column elementor-field-type-submit elementor-col-100 e-form__buttons\">\n\t\t\t\t\t<button class=\"elementor-button elementor-size-sm\" type=\"submit\">\n\t\t\t\t\t\t<span class=\"elementor-button-content-wrapper\">\n\t\t\t\t\t\t\t\t\t\t\t\t\t\t\t\t\t\t\t\t\t\t<span class=\"elementor-button-text\">Enviar<\/span>\n\t\t\t\t\t\t\t\t\t\t\t\t\t<\/span>\n\t\t\t\t\t<\/button>\n\t\t\t\t<\/div>\n\t\t\t<\/div>\n\t\t<\/form>\n\t\t\t\t\t\t<\/div>\n\t\t\t\t<\/div>\n\t\t\t\t\t<\/div>\n\t\t\t\t<\/div>\n\t\t\t\t<\/div>\n\t\t","protected":false},"excerpt":{"rendered":"<p>CONTACTO. Gracias por su inter\u00e9s en Brilten En\u00a0Brilten Inmobiliaria, estamos a su disposici\u00f3n para, dar respuesta a cualquier consulta o solicitud relacionada con nuestros proyectos inmobiliarios. Si usted est\u00e1 interesado en nuestras promociones no dude en ponerse en contacto con nosotros. Puede usar el formulario que aparece en esta p\u00e1gina para enviarnos su mensaje. Nuestro [&hellip;]<\/p>\n","protected":false},"author":1,"featured_media":0,"parent":0,"menu_order":0,"comment_status":"closed","ping_status":"closed","template":"","meta":{"_acf_changed":false,"footnotes":""},"class_list":["post-29","page","type-page","status-publish","hentry"],"acf":[],"yoast_head":"<!-- This site is optimized with the Yoast SEO plugin v27.0 - https:\/\/yoast.com\/product\/yoast-seo-wordpress\/ -->\n<title>Contacto - Brilten<\/title>\n<meta name=\"robots\" content=\"index, follow, max-snippet:-1, max-image-preview:large, max-video-preview:-1\" \/>\n<link rel=\"canonical\" href=\"https:\/\/brilten.com\/ca\/contacto\/\" \/>\n<meta property=\"og:locale\" content=\"ca_ES\" \/>\n<meta property=\"og:type\" content=\"article\" \/>\n<meta property=\"og:title\" content=\"Contacto - Brilten\" \/>\n<meta property=\"og:description\" content=\"CONTACTO. Gracias por su inter\u00e9s en Brilten En\u00a0Brilten Inmobiliaria, estamos a su disposici\u00f3n para, dar respuesta a cualquier consulta o solicitud relacionada con nuestros proyectos inmobiliarios. Si usted est\u00e1 interesado en nuestras promociones no dude en ponerse en contacto con nosotros. Puede usar el formulario que aparece en esta p\u00e1gina para enviarnos su mensaje. Nuestro [&hellip;]\" \/>\n<meta property=\"og:url\" content=\"https:\/\/brilten.com\/ca\/contacto\/\" \/>\n<meta property=\"og:site_name\" content=\"Brilten\" \/>\n<meta property=\"article:modified_time\" content=\"2025-12-04T19:32:38+00:00\" \/>\n<meta property=\"og:image\" content=\"https:\/\/brilten.com\/nova\/wp-content\/uploads\/2025\/12\/cap_contacto.jpg\" \/>\n<meta name=\"twitter:card\" content=\"summary_large_image\" \/>\n<script type=\"application\/ld+json\" class=\"yoast-schema-graph\">{\"@context\":\"https:\/\/schema.org\",\"@graph\":[{\"@type\":\"WebPage\",\"@id\":\"https:\/\/brilten.com\/contacto\/\",\"url\":\"https:\/\/brilten.com\/contacto\/\",\"name\":\"Contacto - Brilten\",\"isPartOf\":{\"@id\":\"https:\/\/brilten.com\/#website\"},\"primaryImageOfPage\":{\"@id\":\"https:\/\/brilten.com\/contacto\/#primaryimage\"},\"image\":{\"@id\":\"https:\/\/brilten.com\/contacto\/#primaryimage\"},\"thumbnailUrl\":\"https:\/\/brilten.com\/nova\/wp-content\/uploads\/2025\/12\/cap_contacto.jpg\",\"datePublished\":\"2025-10-16T07:16:56+00:00\",\"dateModified\":\"2025-12-04T19:32:38+00:00\",\"breadcrumb\":{\"@id\":\"https:\/\/brilten.com\/contacto\/#breadcrumb\"},\"inLanguage\":\"ca\",\"potentialAction\":[{\"@type\":\"ReadAction\",\"target\":[\"https:\/\/brilten.com\/contacto\/\"]}]},{\"@type\":\"ImageObject\",\"inLanguage\":\"ca\",\"@id\":\"https:\/\/brilten.com\/contacto\/#primaryimage\",\"url\":\"https:\/\/brilten.com\/nova\/wp-content\/uploads\/2025\/12\/cap_contacto.jpg\",\"contentUrl\":\"https:\/\/brilten.com\/nova\/wp-content\/uploads\/2025\/12\/cap_contacto.jpg\"},{\"@type\":\"BreadcrumbList\",\"@id\":\"https:\/\/brilten.com\/contacto\/#breadcrumb\",\"itemListElement\":[{\"@type\":\"ListItem\",\"position\":1,\"name\":\"Portada\",\"item\":\"https:\/\/brilten.com\/\"},{\"@type\":\"ListItem\",\"position\":2,\"name\":\"Contacto\"}]},{\"@type\":\"WebSite\",\"@id\":\"https:\/\/brilten.com\/#website\",\"url\":\"https:\/\/brilten.com\/\",\"name\":\"Brilten\",\"description\":\"\",\"publisher\":{\"@id\":\"https:\/\/brilten.com\/#organization\"},\"alternateName\":\"Brilten Inmobiliaria\",\"potentialAction\":[{\"@type\":\"SearchAction\",\"target\":{\"@type\":\"EntryPoint\",\"urlTemplate\":\"https:\/\/brilten.com\/?s={search_term_string}\"},\"query-input\":{\"@type\":\"PropertyValueSpecification\",\"valueRequired\":true,\"valueName\":\"search_term_string\"}}],\"inLanguage\":\"ca\"},{\"@type\":\"Organization\",\"@id\":\"https:\/\/brilten.com\/#organization\",\"name\":\"BRILTEN INMOBILIARIA SL\",\"url\":\"https:\/\/brilten.com\/\",\"logo\":{\"@type\":\"ImageObject\",\"inLanguage\":\"ca\",\"@id\":\"https:\/\/brilten.com\/#\/schema\/logo\/image\/\",\"url\":\"https:\/\/brilten.com\/wp-content\/uploads\/2026\/01\/Captura-de-pantalla-de-2026-01-07-14-46-42-e1767793635166.png\",\"contentUrl\":\"https:\/\/brilten.com\/wp-content\/uploads\/2026\/01\/Captura-de-pantalla-de-2026-01-07-14-46-42-e1767793635166.png\",\"width\":49,\"height\":46,\"caption\":\"BRILTEN INMOBILIARIA SL\"},\"image\":{\"@id\":\"https:\/\/brilten.com\/#\/schema\/logo\/image\/\"}}]}<\/script>\n<!-- \/ Yoast SEO plugin. -->","yoast_head_json":{"title":"Contacto - Brilten","robots":{"index":"index","follow":"follow","max-snippet":"max-snippet:-1","max-image-preview":"max-image-preview:large","max-video-preview":"max-video-preview:-1"},"canonical":"https:\/\/brilten.com\/ca\/contacto\/","og_locale":"ca_ES","og_type":"article","og_title":"Contacto - Brilten","og_description":"CONTACTO. Gracias por su inter\u00e9s en Brilten En\u00a0Brilten Inmobiliaria, estamos a su disposici\u00f3n para, dar respuesta a cualquier consulta o solicitud relacionada con nuestros proyectos inmobiliarios. Si usted est\u00e1 interesado en nuestras promociones no dude en ponerse en contacto con nosotros. Puede usar el formulario que aparece en esta p\u00e1gina para enviarnos su mensaje. Nuestro [&hellip;]","og_url":"https:\/\/brilten.com\/ca\/contacto\/","og_site_name":"Brilten","article_modified_time":"2025-12-04T19:32:38+00:00","og_image":[{"url":"https:\/\/brilten.com\/nova\/wp-content\/uploads\/2025\/12\/cap_contacto.jpg","type":"","width":"","height":""}],"twitter_card":"summary_large_image","schema":{"@context":"https:\/\/schema.org","@graph":[{"@type":"WebPage","@id":"https:\/\/brilten.com\/contacto\/","url":"https:\/\/brilten.com\/contacto\/","name":"Contacto - Brilten","isPartOf":{"@id":"https:\/\/brilten.com\/#website"},"primaryImageOfPage":{"@id":"https:\/\/brilten.com\/contacto\/#primaryimage"},"image":{"@id":"https:\/\/brilten.com\/contacto\/#primaryimage"},"thumbnailUrl":"https:\/\/brilten.com\/nova\/wp-content\/uploads\/2025\/12\/cap_contacto.jpg","datePublished":"2025-10-16T07:16:56+00:00","dateModified":"2025-12-04T19:32:38+00:00","breadcrumb":{"@id":"https:\/\/brilten.com\/contacto\/#breadcrumb"},"inLanguage":"ca","potentialAction":[{"@type":"ReadAction","target":["https:\/\/brilten.com\/contacto\/"]}]},{"@type":"ImageObject","inLanguage":"ca","@id":"https:\/\/brilten.com\/contacto\/#primaryimage","url":"https:\/\/brilten.com\/nova\/wp-content\/uploads\/2025\/12\/cap_contacto.jpg","contentUrl":"https:\/\/brilten.com\/nova\/wp-content\/uploads\/2025\/12\/cap_contacto.jpg"},{"@type":"BreadcrumbList","@id":"https:\/\/brilten.com\/contacto\/#breadcrumb","itemListElement":[{"@type":"ListItem","position":1,"name":"Portada","item":"https:\/\/brilten.com\/"},{"@type":"ListItem","position":2,"name":"Contacto"}]},{"@type":"WebSite","@id":"https:\/\/brilten.com\/#website","url":"https:\/\/brilten.com\/","name":"Brilten","description":"","publisher":{"@id":"https:\/\/brilten.com\/#organization"},"alternateName":"Brilten Inmobiliaria","potentialAction":[{"@type":"SearchAction","target":{"@type":"EntryPoint","urlTemplate":"https:\/\/brilten.com\/?s={search_term_string}"},"query-input":{"@type":"PropertyValueSpecification","valueRequired":true,"valueName":"search_term_string"}}],"inLanguage":"ca"},{"@type":"Organization","@id":"https:\/\/brilten.com\/#organization","name":"BRILTEN INMOBILIARIA SL","url":"https:\/\/brilten.com\/","logo":{"@type":"ImageObject","inLanguage":"ca","@id":"https:\/\/brilten.com\/#\/schema\/logo\/image\/","url":"https:\/\/brilten.com\/wp-content\/uploads\/2026\/01\/Captura-de-pantalla-de-2026-01-07-14-46-42-e1767793635166.png","contentUrl":"https:\/\/brilten.com\/wp-content\/uploads\/2026\/01\/Captura-de-pantalla-de-2026-01-07-14-46-42-e1767793635166.png","width":49,"height":46,"caption":"BRILTEN INMOBILIARIA SL"},"image":{"@id":"https:\/\/brilten.com\/#\/schema\/logo\/image\/"}}]}},"_links":{"self":[{"href":"https:\/\/brilten.com\/ca\/wp-json\/wp\/v2\/pages\/29","targetHints":{"allow":["GET"]}}],"collection":[{"href":"https:\/\/brilten.com\/ca\/wp-json\/wp\/v2\/pages"}],"about":[{"href":"https:\/\/brilten.com\/ca\/wp-json\/wp\/v2\/types\/page"}],"author":[{"embeddable":true,"href":"https:\/\/brilten.com\/ca\/wp-json\/wp\/v2\/users\/1"}],"replies":[{"embeddable":true,"href":"https:\/\/brilten.com\/ca\/wp-json\/wp\/v2\/comments?post=29"}],"version-history":[{"count":18,"href":"https:\/\/brilten.com\/ca\/wp-json\/wp\/v2\/pages\/29\/revisions"}],"predecessor-version":[{"id":2255,"href":"https:\/\/brilten.com\/ca\/wp-json\/wp\/v2\/pages\/29\/revisions\/2255"}],"wp:attachment":[{"href":"https:\/\/brilten.com\/ca\/wp-json\/wp\/v2\/media?parent=29"}],"curies":[{"name":"wp","href":"https:\/\/api.w.org\/{rel}","templated":true}]}}