{"id":31,"date":"2025-10-16T07:17:23","date_gmt":"2025-10-16T07:17:23","guid":{"rendered":"https:\/\/brilten.com\/nova\/?page_id=31"},"modified":"2025-12-03T08:58:08","modified_gmt":"2025-12-03T08:58:08","slug":"politica-de-privacidad","status":"publish","type":"page","link":"https:\/\/brilten.com\/ca\/politica-de-privacidad\/","title":{"rendered":"Pol\u00edtica de privacitat"},"content":{"rendered":"<div data-elementor-type=\"wp-page\" data-elementor-id=\"31\" class=\"elementor elementor-31\" data-elementor-post-type=\"page\">\n\t\t\t\t<div class=\"elementor-element elementor-element-7a0f095 e-flex e-con-boxed e-con e-parent\" data-id=\"7a0f095\" data-element_type=\"container\" data-e-type=\"container\">\n\t\t\t\t\t<div class=\"e-con-inner\">\n\t\t\t\t<div class=\"elementor-element elementor-element-8964795 elementor-widget elementor-widget-heading\" data-id=\"8964795\" data-element_type=\"widget\" data-e-type=\"widget\" data-widget_type=\"heading.default\">\n\t\t\t\t\t<h2 class=\"elementor-heading-title elementor-size-default\">Pol\u00edtica de<br>privacidad.<\/h2>\t\t\t\t<\/div>\n\t\t\t\t<div class=\"elementor-element elementor-element-3b88a39 elementor-widget elementor-widget-text-editor\" data-id=\"3b88a39\" data-element_type=\"widget\" data-e-type=\"widget\" data-widget_type=\"text-editor.default\">\n\t\t\t\t\t\t\t\t\t<h3 data-start=\"269\" data-end=\"316\">1. Identidad del responsable del tratamiento de datos<\/h3><p data-start=\"317\" data-end=\"571\">De conformidad con lo dispuesto en el Reglamento (UE) 2016\/679 General de Protecci\u00f3n de Datos (RGPD) y la Ley Org\u00e1nica 3\/2018 de Protecci\u00f3n de Datos Personales y Garant\u00eda de los Derechos Digitales (LOPDGDD), se informa al usuario de los siguientes datos:<\/p><p data-start=\"573\" data-end=\"784\"><strong data-start=\"573\" data-end=\"585\">Titular:<\/strong> BRILTEN INMOBILIARIA SL<br data-start=\"609\" data-end=\"612\" \/><strong data-start=\"612\" data-end=\"620\">NIF:<\/strong> B50121391<br data-start=\"630\" data-end=\"633\" \/><strong data-start=\"633\" data-end=\"654\">Domicilio social:<\/strong> C\/ C\u00f2rsega 301-303, 3\u00ba, 08008 Barcelona (Espa\u00f1a)<br data-start=\"703\" data-end=\"706\" \/><strong data-start=\"706\" data-end=\"719\">Tel\u00e9fono:<\/strong> +34 93 238 71 50<br data-start=\"736\" data-end=\"739\" \/><strong data-start=\"739\" data-end=\"762\">Correo electr\u00f3nico:<\/strong> <a class=\"decorated-link cursor-pointer\" rel=\"noopener\" data-start=\"763\" data-end=\"782\">brilten@brilten.com<\/a><\/p><h3 data-start=\"786\" data-end=\"817\">2. Finalidad del tratamiento<\/h3><p data-start=\"818\" data-end=\"927\">Los datos facilitados por el usuario a trav\u00e9s del formulario de contacto se tratan con la \u00fanica finalidad de:<\/p><ul data-start=\"929\" data-end=\"1023\"><li data-start=\"929\" data-end=\"1023\"><p data-start=\"931\" data-end=\"1023\">Atender y gestionar solicitudes de informaci\u00f3n o consultas realizadas por el propio usuario.<\/p><\/li><\/ul><p data-start=\"1025\" data-end=\"1046\"><strong data-start=\"1025\" data-end=\"1044\">No se realizan:<\/strong><\/p><ul data-start=\"1047\" data-end=\"1178\"><li data-start=\"1047\" data-end=\"1103\"><p data-start=\"1049\" data-end=\"1103\">Env\u00edos de comunicaciones comerciales ni newsletters.<\/p><\/li><li data-start=\"1104\" data-end=\"1146\"><p data-start=\"1106\" data-end=\"1146\">Elaboraci\u00f3n de perfiles automatizados.<\/p><\/li><li data-start=\"1147\" data-end=\"1178\"><p data-start=\"1149\" data-end=\"1178\">Cesiones de datos a terceros.<\/p><\/li><\/ul><h3 data-start=\"1180\" data-end=\"1214\">3. Legitimaci\u00f3n del tratamiento<\/h3><p data-start=\"1215\" data-end=\"1402\">La base legal para el tratamiento de los datos es el <strong data-start=\"1268\" data-end=\"1294\">consentimiento expreso<\/strong> del usuario, otorgado al marcar la casilla correspondiente en el formulario de contacto y enviar sus datos.<\/p><h3 data-start=\"1404\" data-end=\"1435\">4. Conservaci\u00f3n de los datos<\/h3><p data-start=\"1436\" data-end=\"1673\">Los datos se conservar\u00e1n \u00fanicamente durante el tiempo necesario para gestionar la consulta o solicitud realizada y, posteriormente, durante los plazos legalmente exigidos para atender posibles responsabilidades derivadas del tratamiento.<\/p><h3 data-start=\"1675\" data-end=\"1707\">5. Destinatarios de los datos<\/h3><p data-start=\"1708\" data-end=\"1791\">Los datos no ser\u00e1n cedidos a terceros bajo ning\u00fan concepto, salvo obligaci\u00f3n legal.<\/p><p data-start=\"1793\" data-end=\"1848\">No se realizan transferencias internacionales de datos.<\/p><h3 data-start=\"1850\" data-end=\"1876\">6. Derechos del usuario<\/h3><p data-start=\"1877\" data-end=\"1947\">El usuario puede ejercer los siguientes derechos en cualquier momento:<\/p><ul data-start=\"1949\" data-end=\"2608\"><li data-start=\"1949\" data-end=\"2063\"><p data-start=\"1951\" data-end=\"2063\"><strong data-start=\"1951\" data-end=\"1973\">Derecho de acceso:<\/strong> obtener confirmaci\u00f3n sobre si BRILTEN INMOBILIARIA SL est\u00e1 tratando sus datos personales.<\/p><\/li><li data-start=\"2064\" data-end=\"2155\"><p data-start=\"2066\" data-end=\"2155\"><strong data-start=\"2066\" data-end=\"2095\">Derecho de rectificaci\u00f3n:<\/strong> solicitar la modificaci\u00f3n de datos inexactos o incompletos.<\/p><\/li><li data-start=\"2156\" data-end=\"2257\"><p data-start=\"2158\" data-end=\"2257\"><strong data-start=\"2158\" data-end=\"2183\">Derecho de supresi\u00f3n:<\/strong> solicitar la eliminaci\u00f3n de los datos cuando estos ya no sean necesarios.<\/p><\/li><li data-start=\"2258\" data-end=\"2346\"><p data-start=\"2260\" data-end=\"2346\"><strong data-start=\"2260\" data-end=\"2285\">Derecho de oposici\u00f3n:<\/strong> oponerse al tratamiento de sus datos por motivos personales.<\/p><\/li><li data-start=\"2347\" data-end=\"2449\"><p data-start=\"2349\" data-end=\"2449\"><strong data-start=\"2349\" data-end=\"2393\">Derecho a la limitaci\u00f3n del tratamiento:<\/strong> solicitar la restricci\u00f3n temporal del uso de sus datos.<\/p><\/li><li data-start=\"2450\" data-end=\"2608\"><p data-start=\"2452\" data-end=\"2608\"><strong data-start=\"2452\" data-end=\"2482\">Derecho a la portabilidad:<\/strong> recibir los datos en un formato estructurado o solicitar su transmisi\u00f3n a otro responsable (cuando sea t\u00e9cnicamente posible).<\/p><\/li><\/ul><p data-start=\"2610\" data-end=\"2733\">Para ejercer estos derechos, el usuario debe enviar una solicitud acompa\u00f1ada de una copia de su documento identificativo a:<\/p><p data-start=\"2735\" data-end=\"2873\">\ud83d\udce9 <strong data-start=\"2738\" data-end=\"2761\">Correo electr\u00f3nico:<\/strong> <a class=\"decorated-link cursor-pointer\" rel=\"noopener\" data-start=\"2762\" data-end=\"2781\">brilten@brilten.com<\/a><br data-start=\"2781\" data-end=\"2784\" \/>\ud83d\udcec <strong data-start=\"2787\" data-end=\"2808\">Direcci\u00f3n postal:<\/strong> BRILTEN INMOBILIARIA SL, C\/ C\u00f2rsega 301-303, 3\u00ba, 08008 Barcelona<\/p><p data-start=\"2875\" data-end=\"3078\">Asimismo, el usuario tiene derecho a presentar una reclamaci\u00f3n ante la <strong data-start=\"2946\" data-end=\"2996\">Agencia Espa\u00f1ola de Protecci\u00f3n de Datos (AEPD)<\/strong> si considera que el tratamiento de sus datos no se ajusta a la legalidad vigente.<\/p><h3 data-start=\"3080\" data-end=\"3106\">7. Medidas de seguridad<\/h3><p data-start=\"3107\" data-end=\"3361\">BRILTEN INMOBILIARIA SL garantiza que los datos personales se tratan de forma confidencial y adopta las medidas de \u00edndole t\u00e9cnica y organizativa necesarias para garantizar su seguridad, evitando su alteraci\u00f3n, p\u00e9rdida, tratamiento o acceso no autorizado.<\/p><h3 data-start=\"3363\" data-end=\"3420\">8. Datos recabados a trav\u00e9s del formulario de contacto de la web<\/h3><p data-start=\"3421\" data-end=\"3600\">Los campos marcados como obligatorios son necesarios para poder atender correctamente la solicitud del usuario. En caso de no proporcionarlos, la consulta no podr\u00e1 ser gestionada.<\/p><p data-start=\"3602\" data-end=\"3790\">Los datos facilitados por el usuario deben ser veraces. El usuario garantiza la autenticidad de los datos comunicados y ser\u00e1 responsable de cualquier dato falso o inexacto que proporcione.<\/p><h3 data-start=\"3792\" data-end=\"3813\">9. Menores de edad<\/h3><p data-start=\"3814\" data-end=\"3998\">Este sitio web no est\u00e1 dirigido a menores de 14 a\u00f1os. En caso de que un menor facilite datos personales sin autorizaci\u00f3n de sus padres o tutores, se proceder\u00e1 a su supresi\u00f3n inmediata.<\/p><h3 data-start=\"4000\" data-end=\"4043\">10. Cambios en la pol\u00edtica de privacidad<\/h3><p data-start=\"4044\" data-end=\"4292\">BRILTEN INMOBILIARIA SL se reserva el derecho a modificar la presente Pol\u00edtica de Privacidad para adaptarla a futuras novedades legislativas o cambios en la operativa del sitio web. En dicho caso, se publicar\u00e1 la nueva versi\u00f3n en esta misma p\u00e1gina.<\/p>\t\t\t\t\t\t\t\t<\/div>\n\t\t\t\t\t<\/div>\n\t\t\t\t<\/div>\n\t\t\t\t<\/div>","protected":false},"excerpt":{"rendered":"<p>Pol\u00edtica deprivacidad. 1. Identidad del responsable del tratamiento de datos De conformidad con lo dispuesto en el Reglamento (UE) 2016\/679 General de Protecci\u00f3n de Datos (RGPD) y la Ley Org\u00e1nica 3\/2018 de Protecci\u00f3n de Datos Personales y Garant\u00eda de los Derechos Digitales (LOPDGDD), se informa al usuario de los siguientes datos: Titular: BRILTEN INMOBILIARIA SLNIF: [&hellip;]<\/p>\n","protected":false},"author":1,"featured_media":0,"parent":0,"menu_order":0,"comment_status":"closed","ping_status":"closed","template":"","meta":{"_acf_changed":false,"footnotes":""},"class_list":["post-31","page","type-page","status-publish","hentry"],"acf":[],"yoast_head":"<!-- This site is optimized with the Yoast SEO plugin v27.0 - https:\/\/yoast.com\/product\/yoast-seo-wordpress\/ -->\n<title>Pol\u00edtica de privacidad - Brilten<\/title>\n<meta name=\"robots\" content=\"index, follow, max-snippet:-1, max-image-preview:large, max-video-preview:-1\" \/>\n<link rel=\"canonical\" href=\"https:\/\/brilten.com\/ca\/politica-de-privacidad\/\" \/>\n<meta property=\"og:locale\" content=\"ca_ES\" \/>\n<meta property=\"og:type\" content=\"article\" \/>\n<meta property=\"og:title\" content=\"Pol\u00edtica de privacidad - Brilten\" \/>\n<meta property=\"og:description\" content=\"Pol\u00edtica deprivacidad. 1. Identidad del responsable del tratamiento de datos De conformidad con lo dispuesto en el Reglamento (UE) 2016\/679 General de Protecci\u00f3n de Datos (RGPD) y la Ley Org\u00e1nica 3\/2018 de Protecci\u00f3n de Datos Personales y Garant\u00eda de los Derechos Digitales (LOPDGDD), se informa al usuario de los siguientes datos: Titular: BRILTEN INMOBILIARIA SLNIF: [&hellip;]\" \/>\n<meta property=\"og:url\" content=\"https:\/\/brilten.com\/ca\/politica-de-privacidad\/\" \/>\n<meta property=\"og:site_name\" content=\"Brilten\" \/>\n<meta property=\"article:modified_time\" content=\"2025-12-03T08:58:08+00:00\" \/>\n<meta property=\"og:image\" content=\"https:\/\/brilten.com\/wp-content\/uploads\/2025\/10\/logo_brilten_header_2-1.png\" \/>\n\t<meta property=\"og:image:width\" content=\"217\" \/>\n\t<meta property=\"og:image:height\" content=\"58\" \/>\n\t<meta property=\"og:image:type\" content=\"image\/png\" \/>\n<meta name=\"twitter:card\" content=\"summary_large_image\" \/>\n<script type=\"application\/ld+json\" class=\"yoast-schema-graph\">{\"@context\":\"https:\/\/schema.org\",\"@graph\":[{\"@type\":\"WebPage\",\"@id\":\"https:\/\/brilten.com\/politica-de-privacidad\/\",\"url\":\"https:\/\/brilten.com\/politica-de-privacidad\/\",\"name\":\"Pol\u00edtica de privacidad - Brilten\",\"isPartOf\":{\"@id\":\"https:\/\/brilten.com\/#website\"},\"datePublished\":\"2025-10-16T07:17:23+00:00\",\"dateModified\":\"2025-12-03T08:58:08+00:00\",\"breadcrumb\":{\"@id\":\"https:\/\/brilten.com\/politica-de-privacidad\/#breadcrumb\"},\"inLanguage\":\"ca\",\"potentialAction\":[{\"@type\":\"ReadAction\",\"target\":[\"https:\/\/brilten.com\/politica-de-privacidad\/\"]}]},{\"@type\":\"BreadcrumbList\",\"@id\":\"https:\/\/brilten.com\/politica-de-privacidad\/#breadcrumb\",\"itemListElement\":[{\"@type\":\"ListItem\",\"position\":1,\"name\":\"Portada\",\"item\":\"https:\/\/brilten.com\/\"},{\"@type\":\"ListItem\",\"position\":2,\"name\":\"Pol\u00edtica de privacidad\"}]},{\"@type\":\"WebSite\",\"@id\":\"https:\/\/brilten.com\/#website\",\"url\":\"https:\/\/brilten.com\/\",\"name\":\"Brilten\",\"description\":\"\",\"publisher\":{\"@id\":\"https:\/\/brilten.com\/#organization\"},\"alternateName\":\"Brilten Inmobiliaria\",\"potentialAction\":[{\"@type\":\"SearchAction\",\"target\":{\"@type\":\"EntryPoint\",\"urlTemplate\":\"https:\/\/brilten.com\/?s={search_term_string}\"},\"query-input\":{\"@type\":\"PropertyValueSpecification\",\"valueRequired\":true,\"valueName\":\"search_term_string\"}}],\"inLanguage\":\"ca\"},{\"@type\":\"Organization\",\"@id\":\"https:\/\/brilten.com\/#organization\",\"name\":\"BRILTEN INMOBILIARIA SL\",\"url\":\"https:\/\/brilten.com\/\",\"logo\":{\"@type\":\"ImageObject\",\"inLanguage\":\"ca\",\"@id\":\"https:\/\/brilten.com\/#\/schema\/logo\/image\/\",\"url\":\"https:\/\/brilten.com\/wp-content\/uploads\/2026\/01\/Captura-de-pantalla-de-2026-01-07-14-46-42-e1767793635166.png\",\"contentUrl\":\"https:\/\/brilten.com\/wp-content\/uploads\/2026\/01\/Captura-de-pantalla-de-2026-01-07-14-46-42-e1767793635166.png\",\"width\":49,\"height\":46,\"caption\":\"BRILTEN INMOBILIARIA SL\"},\"image\":{\"@id\":\"https:\/\/brilten.com\/#\/schema\/logo\/image\/\"}}]}<\/script>\n<!-- \/ Yoast SEO plugin. -->","yoast_head_json":{"title":"Pol\u00edtica de privacidad - Brilten","robots":{"index":"index","follow":"follow","max-snippet":"max-snippet:-1","max-image-preview":"max-image-preview:large","max-video-preview":"max-video-preview:-1"},"canonical":"https:\/\/brilten.com\/ca\/politica-de-privacidad\/","og_locale":"ca_ES","og_type":"article","og_title":"Pol\u00edtica de privacidad - Brilten","og_description":"Pol\u00edtica deprivacidad. 1. Identidad del responsable del tratamiento de datos De conformidad con lo dispuesto en el Reglamento (UE) 2016\/679 General de Protecci\u00f3n de Datos (RGPD) y la Ley Org\u00e1nica 3\/2018 de Protecci\u00f3n de Datos Personales y Garant\u00eda de los Derechos Digitales (LOPDGDD), se informa al usuario de los siguientes datos: Titular: BRILTEN INMOBILIARIA SLNIF: [&hellip;]","og_url":"https:\/\/brilten.com\/ca\/politica-de-privacidad\/","og_site_name":"Brilten","article_modified_time":"2025-12-03T08:58:08+00:00","og_image":[{"width":217,"height":58,"url":"https:\/\/brilten.com\/wp-content\/uploads\/2025\/10\/logo_brilten_header_2-1.png","type":"image\/png"}],"twitter_card":"summary_large_image","schema":{"@context":"https:\/\/schema.org","@graph":[{"@type":"WebPage","@id":"https:\/\/brilten.com\/politica-de-privacidad\/","url":"https:\/\/brilten.com\/politica-de-privacidad\/","name":"Pol\u00edtica de privacidad - Brilten","isPartOf":{"@id":"https:\/\/brilten.com\/#website"},"datePublished":"2025-10-16T07:17:23+00:00","dateModified":"2025-12-03T08:58:08+00:00","breadcrumb":{"@id":"https:\/\/brilten.com\/politica-de-privacidad\/#breadcrumb"},"inLanguage":"ca","potentialAction":[{"@type":"ReadAction","target":["https:\/\/brilten.com\/politica-de-privacidad\/"]}]},{"@type":"BreadcrumbList","@id":"https:\/\/brilten.com\/politica-de-privacidad\/#breadcrumb","itemListElement":[{"@type":"ListItem","position":1,"name":"Portada","item":"https:\/\/brilten.com\/"},{"@type":"ListItem","position":2,"name":"Pol\u00edtica de privacidad"}]},{"@type":"WebSite","@id":"https:\/\/brilten.com\/#website","url":"https:\/\/brilten.com\/","name":"Brilten","description":"","publisher":{"@id":"https:\/\/brilten.com\/#organization"},"alternateName":"Brilten Inmobiliaria","potentialAction":[{"@type":"SearchAction","target":{"@type":"EntryPoint","urlTemplate":"https:\/\/brilten.com\/?s={search_term_string}"},"query-input":{"@type":"PropertyValueSpecification","valueRequired":true,"valueName":"search_term_string"}}],"inLanguage":"ca"},{"@type":"Organization","@id":"https:\/\/brilten.com\/#organization","name":"BRILTEN INMOBILIARIA SL","url":"https:\/\/brilten.com\/","logo":{"@type":"ImageObject","inLanguage":"ca","@id":"https:\/\/brilten.com\/#\/schema\/logo\/image\/","url":"https:\/\/brilten.com\/wp-content\/uploads\/2026\/01\/Captura-de-pantalla-de-2026-01-07-14-46-42-e1767793635166.png","contentUrl":"https:\/\/brilten.com\/wp-content\/uploads\/2026\/01\/Captura-de-pantalla-de-2026-01-07-14-46-42-e1767793635166.png","width":49,"height":46,"caption":"BRILTEN INMOBILIARIA SL"},"image":{"@id":"https:\/\/brilten.com\/#\/schema\/logo\/image\/"}}]}},"_links":{"self":[{"href":"https:\/\/brilten.com\/ca\/wp-json\/wp\/v2\/pages\/31","targetHints":{"allow":["GET"]}}],"collection":[{"href":"https:\/\/brilten.com\/ca\/wp-json\/wp\/v2\/pages"}],"about":[{"href":"https:\/\/brilten.com\/ca\/wp-json\/wp\/v2\/types\/page"}],"author":[{"embeddable":true,"href":"https:\/\/brilten.com\/ca\/wp-json\/wp\/v2\/users\/1"}],"replies":[{"embeddable":true,"href":"https:\/\/brilten.com\/ca\/wp-json\/wp\/v2\/comments?post=31"}],"version-history":[{"count":3,"href":"https:\/\/brilten.com\/ca\/wp-json\/wp\/v2\/pages\/31\/revisions"}],"predecessor-version":[{"id":2084,"href":"https:\/\/brilten.com\/ca\/wp-json\/wp\/v2\/pages\/31\/revisions\/2084"}],"wp:attachment":[{"href":"https:\/\/brilten.com\/ca\/wp-json\/wp\/v2\/media?parent=31"}],"curies":[{"name":"wp","href":"https:\/\/api.w.org\/{rel}","templated":true}]}}