{"id":521,"date":"2025-10-21T10:29:22","date_gmt":"2025-10-21T10:29:22","guid":{"rendered":"https:\/\/brilten.com\/nova\/?page_id=521"},"modified":"2025-12-03T09:46:32","modified_gmt":"2025-12-03T09:46:32","slug":"aviso-legal","status":"publish","type":"page","link":"https:\/\/brilten.com\/ca\/aviso-legal\/","title":{"rendered":"Av\u00eds legal"},"content":{"rendered":"<div data-elementor-type=\"wp-page\" data-elementor-id=\"521\" class=\"elementor elementor-521\" data-elementor-post-type=\"page\">\n\t\t\t\t<div class=\"elementor-element elementor-element-3598ae9 e-flex e-con-boxed e-con e-parent\" data-id=\"3598ae9\" data-element_type=\"container\" data-e-type=\"container\">\n\t\t\t\t\t<div class=\"e-con-inner\">\n\t\t\t\t<div class=\"elementor-element elementor-element-a0cc9e8 elementor-widget elementor-widget-heading\" data-id=\"a0cc9e8\" data-element_type=\"widget\" data-e-type=\"widget\" data-widget_type=\"heading.default\">\n\t\t\t\t\t<h2 class=\"elementor-heading-title elementor-size-default\">Aviso<br>legal.<\/h2>\t\t\t\t<\/div>\n\t\t\t\t<div class=\"elementor-element elementor-element-d674a68 elementor-widget elementor-widget-text-editor\" data-id=\"d674a68\" data-element_type=\"widget\" data-e-type=\"widget\" data-widget_type=\"text-editor.default\">\n\t\t\t\t\t\t\t\t\t<h3 data-start=\"439\" data-end=\"466\">1. Datos identificativos<\/h3><p data-start=\"467\" data-end=\"715\">En cumplimiento con el deber de informaci\u00f3n recogido en la Ley 34\/2002, de 11 de julio, de Servicios de la Sociedad de la Informaci\u00f3n y del Comercio Electr\u00f3nico, se facilitan a continuaci\u00f3n los datos de identificaci\u00f3n del titular de este sitio web:<\/p><p data-start=\"717\" data-end=\"904\"><strong data-start=\"717\" data-end=\"729\">Titular:<\/strong> BRILTEN INMOBILIARIA SL<br \/><strong data-start=\"753\" data-end=\"774\">NIF: <\/strong>B50121391<strong data-start=\"753\" data-end=\"774\"><br \/><\/strong><strong data-start=\"753\" data-end=\"774\">Domicilio social:<\/strong> C\/ C\u00f2rsega 301-303, 3\u00ba, 08008 Barcelona (Espa\u00f1a)<br data-start=\"823\" data-end=\"826\" \/><strong data-start=\"826\" data-end=\"839\">Tel\u00e9fono:<\/strong> +34 93 238 71 50<br data-start=\"856\" data-end=\"859\" \/><strong data-start=\"859\" data-end=\"882\">Correo electr\u00f3nico:<\/strong> <a class=\"decorated-link cursor-pointer\" rel=\"noopener\" data-start=\"883\" data-end=\"902\">brilten@brilten.com<\/a><\/p><h3 data-start=\"1078\" data-end=\"1090\">2. Objeto<\/h3><p data-start=\"1091\" data-end=\"1440\">El presente aviso legal regula el acceso, navegaci\u00f3n y uso del sitio web de Brilten Inmobiliaria (en adelante, \u201cel Titular\u201d), as\u00ed como las responsabilidades derivadas de la utilizaci\u00f3n de sus contenidos tales como textos, gr\u00e1ficos, fotograf\u00edas, dise\u00f1os, c\u00f3digos o cualquier otro material protegido por derechos de propiedad intelectual o industrial.<\/p><p data-start=\"1442\" data-end=\"1546\">El acceso al sitio web implica la aceptaci\u00f3n expresa y sin reservas de los t\u00e9rminos de este aviso legal.<\/p><h3 data-start=\"1548\" data-end=\"1572\">3. Condiciones de uso<\/h3><p data-start=\"1573\" data-end=\"1678\">El usuario se compromete a utilizar el sitio web de forma diligente, correcta y l\u00edcita, absteni\u00e9ndose de:<\/p><ul data-start=\"1679\" data-end=\"2032\"><li data-start=\"1679\" data-end=\"1774\"><p data-start=\"1681\" data-end=\"1774\">Utilizar los contenidos con fines o efectos contrarios a la ley, la moral o el orden p\u00fablico.<\/p><\/li><li data-start=\"1775\" data-end=\"1946\"><p data-start=\"1777\" data-end=\"1946\">Reproducir, copiar, distribuir, permitir el acceso del p\u00fablico o cualquier otra forma de uso p\u00fablico con fines comerciales, sin autorizaci\u00f3n expresa del Titular.<\/p><\/li><li data-start=\"1947\" data-end=\"2032\"><p data-start=\"1949\" data-end=\"2032\">Introducir o difundir virus inform\u00e1ticos o sistemas susceptibles de provocar da\u00f1os.<\/p><\/li><\/ul><p data-start=\"2034\" data-end=\"2210\">El Titular se reserva el derecho de interrumpir el acceso al sitio web en cualquier momento si detecta un uso contrario a la legalidad, la buena fe o las presentes condiciones.<\/p><h3 data-start=\"2212\" data-end=\"2252\">4. Propiedad intelectual e industrial<\/h3><p data-start=\"2253\" data-end=\"2555\">Todos los contenidos del sitio web, incluyendo textos, im\u00e1genes, dise\u00f1os, logotipos, marcas, c\u00f3digo fuente o cualquier otro material, est\u00e1n protegidos por derechos de propiedad intelectual e industrial de los que Brilten Inmobiliaria es titular o cuenta con licencia o autorizaci\u00f3n expresa para su uso.<\/p><p data-start=\"2557\" data-end=\"2713\">Queda prohibida la reproducci\u00f3n, distribuci\u00f3n, comunicaci\u00f3n p\u00fablica o transformaci\u00f3n, total o parcial, sin la autorizaci\u00f3n previa y por escrito del Titular.<\/p><h3 data-start=\"2715\" data-end=\"2736\">5. Responsabilidad<\/h3><p data-start=\"2737\" data-end=\"2774\">El Titular no se hace responsable de:<\/p><ul data-start=\"2775\" data-end=\"2998\"><li data-start=\"2775\" data-end=\"2853\"><p data-start=\"2777\" data-end=\"2853\">Los da\u00f1os o perjuicios derivados del uso indebidamente seguro del sitio web.<\/p><\/li><li data-start=\"2854\" data-end=\"2921\"><p data-start=\"2856\" data-end=\"2921\">La disponibilidad y continuidad del funcionamiento del sitio web.<\/p><\/li><li data-start=\"2922\" data-end=\"2998\"><p data-start=\"2924\" data-end=\"2998\">La presencia de virus u otros elementos lesivos introducidos por terceros.<\/p><\/li><\/ul><p data-start=\"3000\" data-end=\"3103\">El usuario ser\u00e1 el \u00fanico responsable del uso que realice de la informaci\u00f3n publicada en este sitio web.<\/p><h3 data-start=\"3105\" data-end=\"3137\">6. Enlaces a terceros (links)<\/h3><p data-start=\"3138\" data-end=\"3327\">El sitio web puede contener enlaces a p\u00e1ginas externas. Brilten Inmobiliaria no se responsabiliza de los contenidos ni de cualquier otro aspecto relacionado con dichas p\u00e1ginas o sitios web.<\/p><p data-start=\"3329\" data-end=\"3427\">La inclusi\u00f3n de enlaces no implica una relaci\u00f3n, recomendaci\u00f3n o aprobaci\u00f3n por parte del Titular.<\/p><h3 data-start=\"3429\" data-end=\"3465\">7. Protecci\u00f3n de datos personales<\/h3><p data-start=\"3466\" data-end=\"3758\">El tratamiento de los datos personales proporcionados por los usuarios se regir\u00e1 por la Pol\u00edtica de Privacidad, disponible en este sitio web, de conformidad con el Reglamento (UE) 2016\/679 (RGPD) y la Ley Org\u00e1nica 3\/2018 de Protecci\u00f3n de Datos Personales y garant\u00eda de los derechos digitales.<\/p><h3 data-start=\"3760\" data-end=\"3802\">8. Legislaci\u00f3n aplicable y jurisdicci\u00f3n<\/h3><p data-start=\"3803\" data-end=\"4116\">Este sitio web se rige por la legislaci\u00f3n espa\u00f1ola. Para la resoluci\u00f3n de cualquier conflicto o controversia que pueda derivarse del acceso o uso del sitio web, el usuario se somete expresamente a los juzgados y tribunales de la ciudad de Barcelona, con renuncia a cualquier otro fuero que pudiera corresponderle.<\/p>\t\t\t\t\t\t\t\t<\/div>\n\t\t\t\t\t<\/div>\n\t\t\t\t<\/div>\n\t\t\t\t<\/div>","protected":false},"excerpt":{"rendered":"<p>Avisolegal. 1. Datos identificativos En cumplimiento con el deber de informaci\u00f3n recogido en la Ley 34\/2002, de 11 de julio, de Servicios de la Sociedad de la Informaci\u00f3n y del Comercio Electr\u00f3nico, se facilitan a continuaci\u00f3n los datos de identificaci\u00f3n del titular de este sitio web: Titular: BRILTEN INMOBILIARIA SLNIF: B50121391Domicilio social: C\/ C\u00f2rsega 301-303, [&hellip;]<\/p>\n","protected":false},"author":1,"featured_media":0,"parent":0,"menu_order":0,"comment_status":"closed","ping_status":"closed","template":"","meta":{"_acf_changed":false,"footnotes":""},"class_list":["post-521","page","type-page","status-publish","hentry"],"acf":[],"yoast_head":"<!-- This site is optimized with the Yoast SEO plugin v27.0 - https:\/\/yoast.com\/product\/yoast-seo-wordpress\/ -->\n<title>Aviso legal - Brilten<\/title>\n<meta name=\"robots\" content=\"index, follow, max-snippet:-1, max-image-preview:large, max-video-preview:-1\" \/>\n<link rel=\"canonical\" href=\"https:\/\/brilten.com\/ca\/aviso-legal\/\" \/>\n<meta property=\"og:locale\" content=\"ca_ES\" \/>\n<meta property=\"og:type\" content=\"article\" \/>\n<meta property=\"og:title\" content=\"Aviso legal - Brilten\" \/>\n<meta property=\"og:description\" content=\"Avisolegal. 1. Datos identificativos En cumplimiento con el deber de informaci\u00f3n recogido en la Ley 34\/2002, de 11 de julio, de Servicios de la Sociedad de la Informaci\u00f3n y del Comercio Electr\u00f3nico, se facilitan a continuaci\u00f3n los datos de identificaci\u00f3n del titular de este sitio web: Titular: BRILTEN INMOBILIARIA SLNIF: B50121391Domicilio social: C\/ C\u00f2rsega 301-303, [&hellip;]\" \/>\n<meta property=\"og:url\" content=\"https:\/\/brilten.com\/ca\/aviso-legal\/\" \/>\n<meta property=\"og:site_name\" content=\"Brilten\" \/>\n<meta property=\"article:modified_time\" content=\"2025-12-03T09:46:32+00:00\" \/>\n<meta property=\"og:image\" content=\"https:\/\/brilten.com\/wp-content\/uploads\/2025\/10\/logo_brilten_header_2-1.png\" \/>\n\t<meta property=\"og:image:width\" content=\"217\" \/>\n\t<meta property=\"og:image:height\" content=\"58\" \/>\n\t<meta property=\"og:image:type\" content=\"image\/png\" \/>\n<meta name=\"twitter:card\" content=\"summary_large_image\" \/>\n<script type=\"application\/ld+json\" class=\"yoast-schema-graph\">{\"@context\":\"https:\/\/schema.org\",\"@graph\":[{\"@type\":\"WebPage\",\"@id\":\"https:\/\/brilten.com\/aviso-legal\/\",\"url\":\"https:\/\/brilten.com\/aviso-legal\/\",\"name\":\"Aviso legal - Brilten\",\"isPartOf\":{\"@id\":\"https:\/\/brilten.com\/#website\"},\"datePublished\":\"2025-10-21T10:29:22+00:00\",\"dateModified\":\"2025-12-03T09:46:32+00:00\",\"breadcrumb\":{\"@id\":\"https:\/\/brilten.com\/aviso-legal\/#breadcrumb\"},\"inLanguage\":\"ca\",\"potentialAction\":[{\"@type\":\"ReadAction\",\"target\":[\"https:\/\/brilten.com\/aviso-legal\/\"]}]},{\"@type\":\"BreadcrumbList\",\"@id\":\"https:\/\/brilten.com\/aviso-legal\/#breadcrumb\",\"itemListElement\":[{\"@type\":\"ListItem\",\"position\":1,\"name\":\"Portada\",\"item\":\"https:\/\/brilten.com\/\"},{\"@type\":\"ListItem\",\"position\":2,\"name\":\"Aviso legal\"}]},{\"@type\":\"WebSite\",\"@id\":\"https:\/\/brilten.com\/#website\",\"url\":\"https:\/\/brilten.com\/\",\"name\":\"Brilten\",\"description\":\"\",\"publisher\":{\"@id\":\"https:\/\/brilten.com\/#organization\"},\"alternateName\":\"Brilten Inmobiliaria\",\"potentialAction\":[{\"@type\":\"SearchAction\",\"target\":{\"@type\":\"EntryPoint\",\"urlTemplate\":\"https:\/\/brilten.com\/?s={search_term_string}\"},\"query-input\":{\"@type\":\"PropertyValueSpecification\",\"valueRequired\":true,\"valueName\":\"search_term_string\"}}],\"inLanguage\":\"ca\"},{\"@type\":\"Organization\",\"@id\":\"https:\/\/brilten.com\/#organization\",\"name\":\"BRILTEN INMOBILIARIA SL\",\"url\":\"https:\/\/brilten.com\/\",\"logo\":{\"@type\":\"ImageObject\",\"inLanguage\":\"ca\",\"@id\":\"https:\/\/brilten.com\/#\/schema\/logo\/image\/\",\"url\":\"https:\/\/brilten.com\/wp-content\/uploads\/2026\/01\/Captura-de-pantalla-de-2026-01-07-14-46-42-e1767793635166.png\",\"contentUrl\":\"https:\/\/brilten.com\/wp-content\/uploads\/2026\/01\/Captura-de-pantalla-de-2026-01-07-14-46-42-e1767793635166.png\",\"width\":49,\"height\":46,\"caption\":\"BRILTEN INMOBILIARIA SL\"},\"image\":{\"@id\":\"https:\/\/brilten.com\/#\/schema\/logo\/image\/\"}}]}<\/script>\n<!-- \/ Yoast SEO plugin. -->","yoast_head_json":{"title":"Aviso legal - Brilten","robots":{"index":"index","follow":"follow","max-snippet":"max-snippet:-1","max-image-preview":"max-image-preview:large","max-video-preview":"max-video-preview:-1"},"canonical":"https:\/\/brilten.com\/ca\/aviso-legal\/","og_locale":"ca_ES","og_type":"article","og_title":"Aviso legal - Brilten","og_description":"Avisolegal. 1. Datos identificativos En cumplimiento con el deber de informaci\u00f3n recogido en la Ley 34\/2002, de 11 de julio, de Servicios de la Sociedad de la Informaci\u00f3n y del Comercio Electr\u00f3nico, se facilitan a continuaci\u00f3n los datos de identificaci\u00f3n del titular de este sitio web: Titular: BRILTEN INMOBILIARIA SLNIF: B50121391Domicilio social: C\/ C\u00f2rsega 301-303, [&hellip;]","og_url":"https:\/\/brilten.com\/ca\/aviso-legal\/","og_site_name":"Brilten","article_modified_time":"2025-12-03T09:46:32+00:00","og_image":[{"width":217,"height":58,"url":"https:\/\/brilten.com\/wp-content\/uploads\/2025\/10\/logo_brilten_header_2-1.png","type":"image\/png"}],"twitter_card":"summary_large_image","schema":{"@context":"https:\/\/schema.org","@graph":[{"@type":"WebPage","@id":"https:\/\/brilten.com\/aviso-legal\/","url":"https:\/\/brilten.com\/aviso-legal\/","name":"Aviso legal - Brilten","isPartOf":{"@id":"https:\/\/brilten.com\/#website"},"datePublished":"2025-10-21T10:29:22+00:00","dateModified":"2025-12-03T09:46:32+00:00","breadcrumb":{"@id":"https:\/\/brilten.com\/aviso-legal\/#breadcrumb"},"inLanguage":"ca","potentialAction":[{"@type":"ReadAction","target":["https:\/\/brilten.com\/aviso-legal\/"]}]},{"@type":"BreadcrumbList","@id":"https:\/\/brilten.com\/aviso-legal\/#breadcrumb","itemListElement":[{"@type":"ListItem","position":1,"name":"Portada","item":"https:\/\/brilten.com\/"},{"@type":"ListItem","position":2,"name":"Aviso legal"}]},{"@type":"WebSite","@id":"https:\/\/brilten.com\/#website","url":"https:\/\/brilten.com\/","name":"Brilten","description":"","publisher":{"@id":"https:\/\/brilten.com\/#organization"},"alternateName":"Brilten Inmobiliaria","potentialAction":[{"@type":"SearchAction","target":{"@type":"EntryPoint","urlTemplate":"https:\/\/brilten.com\/?s={search_term_string}"},"query-input":{"@type":"PropertyValueSpecification","valueRequired":true,"valueName":"search_term_string"}}],"inLanguage":"ca"},{"@type":"Organization","@id":"https:\/\/brilten.com\/#organization","name":"BRILTEN INMOBILIARIA SL","url":"https:\/\/brilten.com\/","logo":{"@type":"ImageObject","inLanguage":"ca","@id":"https:\/\/brilten.com\/#\/schema\/logo\/image\/","url":"https:\/\/brilten.com\/wp-content\/uploads\/2026\/01\/Captura-de-pantalla-de-2026-01-07-14-46-42-e1767793635166.png","contentUrl":"https:\/\/brilten.com\/wp-content\/uploads\/2026\/01\/Captura-de-pantalla-de-2026-01-07-14-46-42-e1767793635166.png","width":49,"height":46,"caption":"BRILTEN INMOBILIARIA SL"},"image":{"@id":"https:\/\/brilten.com\/#\/schema\/logo\/image\/"}}]}},"_links":{"self":[{"href":"https:\/\/brilten.com\/ca\/wp-json\/wp\/v2\/pages\/521","targetHints":{"allow":["GET"]}}],"collection":[{"href":"https:\/\/brilten.com\/ca\/wp-json\/wp\/v2\/pages"}],"about":[{"href":"https:\/\/brilten.com\/ca\/wp-json\/wp\/v2\/types\/page"}],"author":[{"embeddable":true,"href":"https:\/\/brilten.com\/ca\/wp-json\/wp\/v2\/users\/1"}],"replies":[{"embeddable":true,"href":"https:\/\/brilten.com\/ca\/wp-json\/wp\/v2\/comments?post=521"}],"version-history":[{"count":3,"href":"https:\/\/brilten.com\/ca\/wp-json\/wp\/v2\/pages\/521\/revisions"}],"predecessor-version":[{"id":2091,"href":"https:\/\/brilten.com\/ca\/wp-json\/wp\/v2\/pages\/521\/revisions\/2091"}],"wp:attachment":[{"href":"https:\/\/brilten.com\/ca\/wp-json\/wp\/v2\/media?parent=521"}],"curies":[{"name":"wp","href":"https:\/\/api.w.org\/{rel}","templated":true}]}}